{"id":32,"date":"2024-04-22T15:25:03","date_gmt":"2024-04-22T15:25:03","guid":{"rendered":"http:\/\/associationserignefalloufall.com\/?page_id=32"},"modified":"2024-05-05T17:48:51","modified_gmt":"2024-05-05T17:48:51","slug":"historique-des-tiralleurs-senegalais","status":"publish","type":"page","link":"http:\/\/associationserignefalloufall.com\/historique-des-tiralleurs-senegalais\/","title":{"rendered":"Historique des tirailleurs s\u00e9n\u00e9galais"},"content":{"rendered":"\t\t<div data-elementor-type=\"wp-page\" data-elementor-id=\"32\" class=\"elementor elementor-32\">\n\t\t\t\t<div class=\"elementor-element elementor-element-b0f3c6b e-flex e-con-boxed elementor-invisible e-con e-parent\" data-id=\"b0f3c6b\" data-element_type=\"container\" data-settings=\"{&quot;animation&quot;:&quot;fadeInLeft&quot;}\">\n\t\t\t\t\t<div class=\"e-con-inner\">\n\t\t<div class=\"elementor-element elementor-element-3afc7bd e-con-full e-flex e-con e-child\" data-id=\"3afc7bd\" data-element_type=\"container\">\n\t\t\t\t<div class=\"elementor-element elementor-element-87ad068 elementor-widget elementor-widget-heading bdevs-el heading\" data-id=\"87ad068\" data-element_type=\"widget\" data-settings=\"{&quot;design_style&quot;:&quot;style_1&quot;}\" data-widget_type=\"heading.default\">\n\t\t\t\t<div class=\"elementor-widget-container\">\n\t\t\t<style>\/*! elementor - v3.21.0 - 18-04-2024 *\/\n.elementor-heading-title{padding:0;margin:0;line-height:1}.elementor-widget-heading .elementor-heading-title[class*=elementor-size-]>a{color:inherit;font-size:inherit;line-height:inherit}.elementor-widget-heading .elementor-heading-title.elementor-size-small{font-size:15px}.elementor-widget-heading .elementor-heading-title.elementor-size-medium{font-size:19px}.elementor-widget-heading .elementor-heading-title.elementor-size-large{font-size:29px}.elementor-widget-heading .elementor-heading-title.elementor-size-xl{font-size:39px}.elementor-widget-heading .elementor-heading-title.elementor-size-xxl{font-size:59px}<\/style>                    <div class=\"container\">\r\n                <div class=\"row justify-content-center wow fadeInUp2\" data-wow-delay=\"0.3s\" style=\"visibility: visible; animation-delay: 0.3s; animation-name: fadeInUp2;\">\r\n                    <div class=\"col-xxl-10\">\r\n                        <div class=\"section_title_wrapper text-center\">\r\n                                                            <span class=\"subtitle bdevs-el-subtitle\">Heading Sub Title<\/span>\r\n                                                        <h2 class=\"section-title bdevs-el-title\">Leur m\u00e9moire Ici<\/h2>                        <\/div>\r\n                    <\/div>\r\n                <\/div>\r\n            <\/div>\r\n        \r\n\t\t<\/div>\n\t\t\t\t<\/div>\n\t\t\t\t<div class=\"elementor-element elementor-element-f1db8f6 elementor-widget elementor-widget-text-editor\" data-id=\"f1db8f6\" data-element_type=\"widget\" data-widget_type=\"text-editor.default\">\n\t\t\t\t<div class=\"elementor-widget-container\">\n\t\t\t<style>\/*! elementor - v3.21.0 - 18-04-2024 *\/\n.elementor-widget-text-editor.elementor-drop-cap-view-stacked .elementor-drop-cap{background-color:#69727d;color:#fff}.elementor-widget-text-editor.elementor-drop-cap-view-framed .elementor-drop-cap{color:#69727d;border:3px solid;background-color:transparent}.elementor-widget-text-editor:not(.elementor-drop-cap-view-default) .elementor-drop-cap{margin-top:8px}.elementor-widget-text-editor:not(.elementor-drop-cap-view-default) .elementor-drop-cap-letter{width:1em;height:1em}.elementor-widget-text-editor .elementor-drop-cap{float:left;text-align:center;line-height:1;font-size:50px}.elementor-widget-text-editor .elementor-drop-cap-letter{display:inline-block}<\/style>\t\t\t\t<p>Le corps des tirailleurs s\u00e9n\u00e9galais est cr\u00e9\u00e9, en 1857, par un d\u00e9cret de Napol\u00e9on III. De cette date \u00e0 leur suppression, dans les ann\u00e9es 1960, les tirailleurs participent \u00e0 toutes les campagnes coloniales men\u00e9es par la France. Les tirailleurs s\u00e9n\u00e9galais \u00e9taient des soldats recrut\u00e9s principalement dans les colonies fran\u00e7aises d&rsquo;Afrique de l&rsquo;Ouest, en particulier au S\u00e9n\u00e9gal, pour servir dans l&rsquo;arm\u00e9e fran\u00e7aise pendant les p\u00e9riodes coloniale et post-coloniale. Ils \u00e9taient issus de divers groupes ethniques et r\u00e9gions du S\u00e9n\u00e9gal et d&rsquo;autres parties de l&rsquo;Afrique de l&rsquo;Ouest.<\/p>\t\t\t\t\t\t<\/div>\n\t\t\t\t<\/div>\n\t\t\t\t<\/div>\n\t\t<div class=\"elementor-element elementor-element-c62a0e9 e-con-full e-flex e-con e-child\" data-id=\"c62a0e9\" data-element_type=\"container\">\n\t\t\t\t<div class=\"elementor-element elementor-element-a49c948 elementor-widget elementor-widget-image\" data-id=\"a49c948\" data-element_type=\"widget\" data-widget_type=\"image.default\">\n\t\t\t\t<div class=\"elementor-widget-container\">\n\t\t\t<style>\/*! elementor - v3.21.0 - 18-04-2024 *\/\n.elementor-widget-image{text-align:center}.elementor-widget-image a{display:inline-block}.elementor-widget-image a img[src$=\".svg\"]{width:48px}.elementor-widget-image img{vertical-align:middle;display:inline-block}<\/style>\t\t\t\t\t\t\t\t\t\t<img fetchpriority=\"high\" decoding=\"async\" width=\"640\" height=\"919\" src=\"http:\/\/associationserignefalloufall.com\/wp-content\/uploads\/2024\/05\/IMG-20240503-WA0070-713x1024.jpg\" class=\"attachment-large size-large wp-image-966\" alt=\"\" srcset=\"http:\/\/associationserignefalloufall.com\/wp-content\/uploads\/2024\/05\/IMG-20240503-WA0070-713x1024.jpg 713w, http:\/\/associationserignefalloufall.com\/wp-content\/uploads\/2024\/05\/IMG-20240503-WA0070-209x300.jpg 209w, http:\/\/associationserignefalloufall.com\/wp-content\/uploads\/2024\/05\/IMG-20240503-WA0070-768x1103.jpg 768w, http:\/\/associationserignefalloufall.com\/wp-content\/uploads\/2024\/05\/IMG-20240503-WA0070-1069x1536.jpg 1069w, http:\/\/associationserignefalloufall.com\/wp-content\/uploads\/2024\/05\/IMG-20240503-WA0070.jpg 1114w\" sizes=\"(max-width: 640px) 100vw, 640px\" \/>\t\t\t\t\t\t\t\t\t\t\t\t\t<\/div>\n\t\t\t\t<\/div>\n\t\t\t\t<\/div>\n\t\t<div class=\"elementor-element elementor-element-5389cb5 e-con-full e-flex e-con e-child\" data-id=\"5389cb5\" data-element_type=\"container\">\n\t\t\t\t<div class=\"elementor-element elementor-element-417149b elementor-widget elementor-widget-text-editor\" data-id=\"417149b\" data-element_type=\"widget\" data-widget_type=\"text-editor.default\">\n\t\t\t\t<div class=\"elementor-widget-container\">\n\t\t\t\t\t\t\t<p>Les tirailleurs s\u00e9n\u00e9galais jouent un r\u00f4le actif dans la d\u00e9fense ou la reconqu\u00eate du territoire national lors des deux conflits mondiaux. Entre 1914 et 1918, sur les 161 250 tirailleurs recrut\u00e9s, 134 000 interviennent sur diff\u00e9rents th\u00e9\u00e2tres d&rsquo;op\u00e9ration, notamment aux Dardanelles et sur le front de France, \u00e0 Verdun ou sur la Somme (1916), sur l&rsquo;Aisne en 1917, tandis que les autres servent outre-mer comme troupe de souverainet\u00e9.<\/p>\t\t\t\t\t\t<\/div>\n\t\t\t\t<\/div>\n\t\t\t\t<\/div>\n\t\t<div class=\"elementor-element elementor-element-8170402 e-con-full e-flex e-con e-child\" data-id=\"8170402\" data-element_type=\"container\">\n\t\t\t\t<div class=\"elementor-element elementor-element-91851dc elementor-widget elementor-widget-image\" data-id=\"91851dc\" data-element_type=\"widget\" data-widget_type=\"image.default\">\n\t\t\t\t<div class=\"elementor-widget-container\">\n\t\t\t\t\t\t\t\t\t\t\t\t\t<img decoding=\"async\" width=\"640\" height=\"361\" src=\"http:\/\/associationserignefalloufall.com\/wp-content\/uploads\/2024\/05\/IMG-20240503-WA0037.jpg\" class=\"attachment-large size-large wp-image-969\" alt=\"\" srcset=\"http:\/\/associationserignefalloufall.com\/wp-content\/uploads\/2024\/05\/IMG-20240503-WA0037.jpg 745w, http:\/\/associationserignefalloufall.com\/wp-content\/uploads\/2024\/05\/IMG-20240503-WA0037-300x169.jpg 300w\" sizes=\"(max-width: 640px) 100vw, 640px\" \/>\t\t\t\t\t\t\t\t\t\t\t\t\t<\/div>\n\t\t\t\t<\/div>\n\t\t\t\t<\/div>\n\t\t\t\t\t<\/div>\n\t\t\t\t<\/div>\n\t\t<div class=\"elementor-element elementor-element-b9b8ab2 e-flex e-con-boxed e-con e-parent\" data-id=\"b9b8ab2\" data-element_type=\"container\">\n\t\t\t\t\t<div class=\"e-con-inner\">\n\t\t\t\t<div class=\"elementor-element elementor-element-a123f26 elementor-widget elementor-widget-image\" data-id=\"a123f26\" data-element_type=\"widget\" data-widget_type=\"image.default\">\n\t\t\t\t<div class=\"elementor-widget-container\">\n\t\t\t\t\t\t\t\t\t\t\t\t\t<img decoding=\"async\" width=\"614\" height=\"1024\" src=\"http:\/\/associationserignefalloufall.com\/wp-content\/uploads\/2024\/05\/IMG-20240503-WA0063-1-614x1024.jpg\" class=\"attachment-large size-large wp-image-977\" alt=\"\" srcset=\"http:\/\/associationserignefalloufall.com\/wp-content\/uploads\/2024\/05\/IMG-20240503-WA0063-1-614x1024.jpg 614w, http:\/\/associationserignefalloufall.com\/wp-content\/uploads\/2024\/05\/IMG-20240503-WA0063-1-180x300.jpg 180w, http:\/\/associationserignefalloufall.com\/wp-content\/uploads\/2024\/05\/IMG-20240503-WA0063-1-768x1280.jpg 768w, http:\/\/associationserignefalloufall.com\/wp-content\/uploads\/2024\/05\/IMG-20240503-WA0063-1-922x1536.jpg 922w, http:\/\/associationserignefalloufall.com\/wp-content\/uploads\/2024\/05\/IMG-20240503-WA0063-1.jpg 960w\" sizes=\"(max-width: 614px) 100vw, 614px\" \/>\t\t\t\t\t\t\t\t\t\t\t\t\t<\/div>\n\t\t\t\t<\/div>\n\t\t\t\t\t<\/div>\n\t\t\t\t<\/div>\n\t\t<div class=\"elementor-element elementor-element-adb986e e-flex e-con-boxed elementor-invisible e-con e-parent\" data-id=\"adb986e\" data-element_type=\"container\" data-settings=\"{&quot;animation&quot;:&quot;fadeInLeft&quot;}\">\n\t\t\t\t\t<div class=\"e-con-inner\">\n\t\t<div class=\"elementor-element elementor-element-5a37853 e-con-full e-flex e-con e-child\" data-id=\"5a37853\" data-element_type=\"container\">\n\t\t\t\t<div class=\"elementor-element elementor-element-a3117cb elementor-widget elementor-widget-image\" data-id=\"a3117cb\" data-element_type=\"widget\" data-widget_type=\"image.default\">\n\t\t\t\t<div class=\"elementor-widget-container\">\n\t\t\t\t\t\t\t\t\t\t\t\t\t<img loading=\"lazy\" decoding=\"async\" width=\"1278\" height=\"1351\" src=\"http:\/\/associationserignefalloufall.com\/wp-content\/uploads\/2024\/05\/IMG-20240503-WA0102.jpg\" class=\"attachment-full size-full wp-image-973\" alt=\"\" srcset=\"http:\/\/associationserignefalloufall.com\/wp-content\/uploads\/2024\/05\/IMG-20240503-WA0102.jpg 1278w, http:\/\/associationserignefalloufall.com\/wp-content\/uploads\/2024\/05\/IMG-20240503-WA0102-284x300.jpg 284w, http:\/\/associationserignefalloufall.com\/wp-content\/uploads\/2024\/05\/IMG-20240503-WA0102-969x1024.jpg 969w, http:\/\/associationserignefalloufall.com\/wp-content\/uploads\/2024\/05\/IMG-20240503-WA0102-768x812.jpg 768w\" sizes=\"(max-width: 1278px) 100vw, 1278px\" \/>\t\t\t\t\t\t\t\t\t\t\t\t\t<\/div>\n\t\t\t\t<\/div>\n\t\t\t\t<\/div>\n\t\t<div class=\"elementor-element elementor-element-1bb953d e-con-full e-flex e-con e-child\" data-id=\"1bb953d\" data-element_type=\"container\">\n\t\t\t\t<div class=\"elementor-element elementor-element-4c21b2b elementor-widget elementor-widget-text-editor\" data-id=\"4c21b2b\" data-element_type=\"widget\" data-widget_type=\"text-editor.default\">\n\t\t\t\t<div class=\"elementor-widget-container\">\n\t\t\t\t\t\t\t<p>Durant la Seconde Guerre mondiale, ils participent aussi bien \u00e0 la bataille de France, en 1940, qu&rsquo;\u00e0 l&rsquo;ensemble des combats men\u00e9s par la France Libre, intervenant notamment au Gabon (1940), \u00e0 Bir-Hakeim (1942) ou encore d\u00e9barquant en Provence avec la 1re arm\u00e9e (1944), tout en servant souvent dans des conditions difficiles et souvent sous-estim\u00e9es. Leur contribution \u00e0 ces conflits a \u00e9t\u00e9 immense, mais souvent m\u00e9connue ou minimis\u00e9e dans les r\u00e9cits historiques.<\/p>\t\t\t\t\t\t<\/div>\n\t\t\t\t<\/div>\n\t\t\t\t<\/div>\n\t\t<div class=\"elementor-element elementor-element-f6d9536 e-con-full e-flex e-con e-child\" data-id=\"f6d9536\" data-element_type=\"container\">\n\t\t\t\t<div class=\"elementor-element elementor-element-f8ab318 elementor-widget elementor-widget-image\" data-id=\"f8ab318\" data-element_type=\"widget\" data-widget_type=\"image.default\">\n\t\t\t\t<div class=\"elementor-widget-container\">\n\t\t\t\t\t\t\t\t\t\t\t\t\t<img loading=\"lazy\" decoding=\"async\" width=\"640\" height=\"486\" src=\"http:\/\/associationserignefalloufall.com\/wp-content\/uploads\/2024\/05\/IMG-20240503-WA0069-1024x777.jpg\" class=\"attachment-large size-large wp-image-974\" alt=\"\" srcset=\"http:\/\/associationserignefalloufall.com\/wp-content\/uploads\/2024\/05\/IMG-20240503-WA0069-1024x777.jpg 1024w, http:\/\/associationserignefalloufall.com\/wp-content\/uploads\/2024\/05\/IMG-20240503-WA0069-300x228.jpg 300w, http:\/\/associationserignefalloufall.com\/wp-content\/uploads\/2024\/05\/IMG-20240503-WA0069-768x583.jpg 768w, http:\/\/associationserignefalloufall.com\/wp-content\/uploads\/2024\/05\/IMG-20240503-WA0069.jpg 1424w\" sizes=\"(max-width: 640px) 100vw, 640px\" \/>\t\t\t\t\t\t\t\t\t\t\t\t\t<\/div>\n\t\t\t\t<\/div>\n\t\t\t\t<\/div>\n\t\t<div class=\"elementor-element elementor-element-e0365c1 e-con-full e-flex e-con e-child\" data-id=\"e0365c1\" data-element_type=\"container\">\n\t\t\t\t<div class=\"elementor-element elementor-element-bfd358b elementor-widget elementor-widget-image\" data-id=\"bfd358b\" data-element_type=\"widget\" data-widget_type=\"image.default\">\n\t\t\t\t<div class=\"elementor-widget-container\">\n\t\t\t\t\t\t\t\t\t\t\t\t\t<img loading=\"lazy\" decoding=\"async\" width=\"640\" height=\"889\" src=\"http:\/\/associationserignefalloufall.com\/wp-content\/uploads\/2024\/05\/IMG-20240503-WA0049-737x1024.jpg\" class=\"attachment-large size-large wp-image-979\" alt=\"\" srcset=\"http:\/\/associationserignefalloufall.com\/wp-content\/uploads\/2024\/05\/IMG-20240503-WA0049-737x1024.jpg 737w, http:\/\/associationserignefalloufall.com\/wp-content\/uploads\/2024\/05\/IMG-20240503-WA0049-216x300.jpg 216w, http:\/\/associationserignefalloufall.com\/wp-content\/uploads\/2024\/05\/IMG-20240503-WA0049-768x1067.jpg 768w, http:\/\/associationserignefalloufall.com\/wp-content\/uploads\/2024\/05\/IMG-20240503-WA0049-1106x1536.jpg 1106w, http:\/\/associationserignefalloufall.com\/wp-content\/uploads\/2024\/05\/IMG-20240503-WA0049.jpg 1152w\" sizes=\"(max-width: 640px) 100vw, 640px\" \/>\t\t\t\t\t\t\t\t\t\t\t\t\t<\/div>\n\t\t\t\t<\/div>\n\t\t\t\t<\/div>\n\t\t\t\t\t<\/div>\n\t\t\t\t<\/div>\n\t\t<div class=\"elementor-element elementor-element-ef99434 e-flex e-con-boxed e-con e-parent\" data-id=\"ef99434\" data-element_type=\"container\">\n\t\t\t\t\t<div class=\"e-con-inner\">\n\t\t\t\t<div class=\"elementor-element elementor-element-35d0b06 elementor-widget elementor-widget-image\" data-id=\"35d0b06\" data-element_type=\"widget\" data-widget_type=\"image.default\">\n\t\t\t\t<div class=\"elementor-widget-container\">\n\t\t\t\t\t\t\t\t\t\t\t\t\t<img loading=\"lazy\" decoding=\"async\" width=\"640\" height=\"829\" src=\"http:\/\/associationserignefalloufall.com\/wp-content\/uploads\/2024\/05\/IMG-20240503-WA0065-791x1024.jpg\" class=\"attachment-large size-large wp-image-982\" alt=\"\" srcset=\"http:\/\/associationserignefalloufall.com\/wp-content\/uploads\/2024\/05\/IMG-20240503-WA0065-791x1024.jpg 791w, http:\/\/associationserignefalloufall.com\/wp-content\/uploads\/2024\/05\/IMG-20240503-WA0065-232x300.jpg 232w, http:\/\/associationserignefalloufall.com\/wp-content\/uploads\/2024\/05\/IMG-20240503-WA0065-768x994.jpg 768w, http:\/\/associationserignefalloufall.com\/wp-content\/uploads\/2024\/05\/IMG-20240503-WA0065-1187x1536.jpg 1187w, http:\/\/associationserignefalloufall.com\/wp-content\/uploads\/2024\/05\/IMG-20240503-WA0065.jpg 1236w\" sizes=\"(max-width: 640px) 100vw, 640px\" \/>\t\t\t\t\t\t\t\t\t\t\t\t\t<\/div>\n\t\t\t\t<\/div>\n\t\t\t\t\t<\/div>\n\t\t\t\t<\/div>\n\t\t<div class=\"elementor-element elementor-element-cabcb53 e-flex e-con-boxed e-con e-parent\" data-id=\"cabcb53\" data-element_type=\"container\">\n\t\t\t\t\t<div class=\"e-con-inner\">\n\t\t<div class=\"elementor-element elementor-element-6973647 e-con-full e-flex e-con e-child\" data-id=\"6973647\" data-element_type=\"container\">\n\t\t\t\t<div class=\"elementor-element elementor-element-4667e75 elementor-widget elementor-widget-image\" data-id=\"4667e75\" data-element_type=\"widget\" data-widget_type=\"image.default\">\n\t\t\t\t<div class=\"elementor-widget-container\">\n\t\t\t\t\t\t\t\t\t\t\t\t\t<img loading=\"lazy\" decoding=\"async\" width=\"640\" height=\"928\" src=\"http:\/\/associationserignefalloufall.com\/wp-content\/uploads\/2024\/05\/IMG-20240503-WA0074-706x1024.jpg\" class=\"attachment-large size-large wp-image-983\" alt=\"\" srcset=\"http:\/\/associationserignefalloufall.com\/wp-content\/uploads\/2024\/05\/IMG-20240503-WA0074-706x1024.jpg 706w, http:\/\/associationserignefalloufall.com\/wp-content\/uploads\/2024\/05\/IMG-20240503-WA0074-207x300.jpg 207w, http:\/\/associationserignefalloufall.com\/wp-content\/uploads\/2024\/05\/IMG-20240503-WA0074-768x1114.jpg 768w, http:\/\/associationserignefalloufall.com\/wp-content\/uploads\/2024\/05\/IMG-20240503-WA0074-1059x1536.jpg 1059w, http:\/\/associationserignefalloufall.com\/wp-content\/uploads\/2024\/05\/IMG-20240503-WA0074.jpg 1103w\" sizes=\"(max-width: 640px) 100vw, 640px\" \/>\t\t\t\t\t\t\t\t\t\t\t\t\t<\/div>\n\t\t\t\t<\/div>\n\t\t\t\t<\/div>\n\t\t<div class=\"elementor-element elementor-element-9f90187 e-con-full e-flex e-con e-child\" data-id=\"9f90187\" data-element_type=\"container\">\n\t\t\t\t<div class=\"elementor-element elementor-element-7b1ea0d elementor-widget elementor-widget-image\" data-id=\"7b1ea0d\" data-element_type=\"widget\" data-widget_type=\"image.default\">\n\t\t\t\t<div class=\"elementor-widget-container\">\n\t\t\t\t\t\t\t\t\t\t\t\t\t<img loading=\"lazy\" decoding=\"async\" width=\"640\" height=\"876\" src=\"http:\/\/associationserignefalloufall.com\/wp-content\/uploads\/2024\/05\/IMG-20240503-WA0077-748x1024.jpg\" class=\"attachment-large size-large wp-image-985\" alt=\"\" srcset=\"http:\/\/associationserignefalloufall.com\/wp-content\/uploads\/2024\/05\/IMG-20240503-WA0077-748x1024.jpg 748w, http:\/\/associationserignefalloufall.com\/wp-content\/uploads\/2024\/05\/IMG-20240503-WA0077-219x300.jpg 219w, http:\/\/associationserignefalloufall.com\/wp-content\/uploads\/2024\/05\/IMG-20240503-WA0077-768x1052.jpg 768w, http:\/\/associationserignefalloufall.com\/wp-content\/uploads\/2024\/05\/IMG-20240503-WA0077-1121x1536.jpg 1121w, http:\/\/associationserignefalloufall.com\/wp-content\/uploads\/2024\/05\/IMG-20240503-WA0077.jpg 1168w\" sizes=\"(max-width: 640px) 100vw, 640px\" \/>\t\t\t\t\t\t\t\t\t\t\t\t\t<\/div>\n\t\t\t\t<\/div>\n\t\t\t\t<\/div>\n\t\t<div class=\"elementor-element elementor-element-2cdc57b e-con-full e-flex e-con e-child\" data-id=\"2cdc57b\" data-element_type=\"container\">\n\t\t\t\t<div class=\"elementor-element elementor-element-b44db39 elementor-widget elementor-widget-image\" data-id=\"b44db39\" data-element_type=\"widget\" data-widget_type=\"image.default\">\n\t\t\t\t<div class=\"elementor-widget-container\">\n\t\t\t\t\t\t\t\t\t\t\t\t\t<img loading=\"lazy\" decoding=\"async\" width=\"640\" height=\"834\" src=\"http:\/\/associationserignefalloufall.com\/wp-content\/uploads\/2024\/05\/IMG-20240503-WA0045-786x1024.jpg\" class=\"attachment-large size-large wp-image-972\" alt=\"\" srcset=\"http:\/\/associationserignefalloufall.com\/wp-content\/uploads\/2024\/05\/IMG-20240503-WA0045-786x1024.jpg 786w, http:\/\/associationserignefalloufall.com\/wp-content\/uploads\/2024\/05\/IMG-20240503-WA0045-230x300.jpg 230w, http:\/\/associationserignefalloufall.com\/wp-content\/uploads\/2024\/05\/IMG-20240503-WA0045-768x1001.jpg 768w, http:\/\/associationserignefalloufall.com\/wp-content\/uploads\/2024\/05\/IMG-20240503-WA0045-1179x1536.jpg 1179w, http:\/\/associationserignefalloufall.com\/wp-content\/uploads\/2024\/05\/IMG-20240503-WA0045.jpg 1228w\" sizes=\"(max-width: 640px) 100vw, 640px\" \/>\t\t\t\t\t\t\t\t\t\t\t\t\t<\/div>\n\t\t\t\t<\/div>\n\t\t\t\t<\/div>\n\t\t\t\t\t<\/div>\n\t\t\t\t<\/div>\n\t\t\t\t<section class=\"elementor-section elementor-top-section elementor-element elementor-element-e9caa39 elementor-section-content-middle elementor-section-boxed elementor-section-height-default elementor-section-height-default\" data-id=\"e9caa39\" data-element_type=\"section\">\n\t\t\t\t\t\t<div class=\"elementor-container elementor-column-gap-default\">\n\t\t\t\t\t<div class=\"elementor-column elementor-col-50 elementor-top-column elementor-element elementor-element-c731b15\" data-id=\"c731b15\" data-element_type=\"column\">\n\t\t\t<div class=\"elementor-widget-wrap elementor-element-populated\">\n\t\t\t\t\t\t<div class=\"elementor-element elementor-element-31be7f8 elementor-widget elementor-widget-image\" data-id=\"31be7f8\" data-element_type=\"widget\" data-widget_type=\"image.default\">\n\t\t\t\t<div class=\"elementor-widget-container\">\n\t\t\t\t\t\t\t\t\t\t\t\t\t<img loading=\"lazy\" decoding=\"async\" width=\"640\" height=\"905\" src=\"http:\/\/associationserignefalloufall.com\/wp-content\/uploads\/2024\/05\/IMG-20240503-WA0051-724x1024.jpg\" class=\"attachment-large size-large wp-image-986\" alt=\"\" srcset=\"http:\/\/associationserignefalloufall.com\/wp-content\/uploads\/2024\/05\/IMG-20240503-WA0051-724x1024.jpg 724w, http:\/\/associationserignefalloufall.com\/wp-content\/uploads\/2024\/05\/IMG-20240503-WA0051-212x300.jpg 212w, http:\/\/associationserignefalloufall.com\/wp-content\/uploads\/2024\/05\/IMG-20240503-WA0051-768x1086.jpg 768w, http:\/\/associationserignefalloufall.com\/wp-content\/uploads\/2024\/05\/IMG-20240503-WA0051-1086x1536.jpg 1086w, http:\/\/associationserignefalloufall.com\/wp-content\/uploads\/2024\/05\/IMG-20240503-WA0051.jpg 1131w\" sizes=\"(max-width: 640px) 100vw, 640px\" \/>\t\t\t\t\t\t\t\t\t\t\t\t\t<\/div>\n\t\t\t\t<\/div>\n\t\t\t\t\t<\/div>\n\t\t<\/div>\n\t\t\t\t<div class=\"elementor-column elementor-col-50 elementor-top-column elementor-element elementor-element-a5dd895\" data-id=\"a5dd895\" data-element_type=\"column\">\n\t\t\t<div class=\"elementor-widget-wrap elementor-element-populated\">\n\t\t\t\t\t\t<div class=\"elementor-element elementor-element-3888d76 elementor-widget elementor-widget-image\" data-id=\"3888d76\" data-element_type=\"widget\" data-widget_type=\"image.default\">\n\t\t\t\t<div class=\"elementor-widget-container\">\n\t\t\t\t\t\t\t\t\t\t\t\t\t<img loading=\"lazy\" decoding=\"async\" width=\"640\" height=\"870\" src=\"http:\/\/associationserignefalloufall.com\/wp-content\/uploads\/2024\/05\/IMG-20240503-WA0055-753x1024.jpg\" class=\"attachment-large size-large wp-image-987\" alt=\"\" srcset=\"http:\/\/associationserignefalloufall.com\/wp-content\/uploads\/2024\/05\/IMG-20240503-WA0055-753x1024.jpg 753w, http:\/\/associationserignefalloufall.com\/wp-content\/uploads\/2024\/05\/IMG-20240503-WA0055-221x300.jpg 221w, http:\/\/associationserignefalloufall.com\/wp-content\/uploads\/2024\/05\/IMG-20240503-WA0055-768x1045.jpg 768w, http:\/\/associationserignefalloufall.com\/wp-content\/uploads\/2024\/05\/IMG-20240503-WA0055-1129x1536.jpg 1129w, http:\/\/associationserignefalloufall.com\/wp-content\/uploads\/2024\/05\/IMG-20240503-WA0055.jpg 1176w\" sizes=\"(max-width: 640px) 100vw, 640px\" \/>\t\t\t\t\t\t\t\t\t\t\t\t\t<\/div>\n\t\t\t\t<\/div>\n\t\t\t\t\t<\/div>\n\t\t<\/div>\n\t\t\t\t\t<\/div>\n\t\t<\/section>\n\t\t<div class=\"elementor-element elementor-element-6ce18b8 e-flex e-con-boxed e-con e-parent\" data-id=\"6ce18b8\" data-element_type=\"container\">\n\t\t\t\t\t<div class=\"e-con-inner\">\n\t\t\t\t<div class=\"elementor-element elementor-element-182db9e elementor-widget elementor-widget-image\" data-id=\"182db9e\" data-element_type=\"widget\" data-widget_type=\"image.default\">\n\t\t\t\t<div class=\"elementor-widget-container\">\n\t\t\t\t\t\t\t\t\t\t\t\t\t<img loading=\"lazy\" decoding=\"async\" width=\"640\" height=\"905\" src=\"http:\/\/associationserignefalloufall.com\/wp-content\/uploads\/2024\/05\/IMG-20240503-WA0059-724x1024.jpg\" class=\"attachment-large size-large wp-image-988\" alt=\"\" srcset=\"http:\/\/associationserignefalloufall.com\/wp-content\/uploads\/2024\/05\/IMG-20240503-WA0059-724x1024.jpg 724w, http:\/\/associationserignefalloufall.com\/wp-content\/uploads\/2024\/05\/IMG-20240503-WA0059-212x300.jpg 212w, http:\/\/associationserignefalloufall.com\/wp-content\/uploads\/2024\/05\/IMG-20240503-WA0059-768x1086.jpg 768w, http:\/\/associationserignefalloufall.com\/wp-content\/uploads\/2024\/05\/IMG-20240503-WA0059-1086x1536.jpg 1086w, http:\/\/associationserignefalloufall.com\/wp-content\/uploads\/2024\/05\/IMG-20240503-WA0059.jpg 1131w\" sizes=\"(max-width: 640px) 100vw, 640px\" \/>\t\t\t\t\t\t\t\t\t\t\t\t\t<\/div>\n\t\t\t\t<\/div>\n\t\t\t\t\t<\/div>\n\t\t\t\t<\/div>\n\t\t\t\t<\/div>\n\t\t","protected":false},"excerpt":{"rendered":"<p>Leur m\u00e9moire Ici Le corps des tirailleurs s\u00e9n\u00e9galais est cr\u00e9\u00e9, en 1857, par un d\u00e9cret de Napol\u00e9on III. De cette date \u00e0 leur suppression, dans les ann\u00e9es 1960, les tirailleurs participent \u00e0 toutes les campagnes coloniales men\u00e9es par la France. Les tirailleurs s\u00e9n\u00e9galais \u00e9taient des soldats recrut\u00e9s principalement dans les colonies fran\u00e7aises d&rsquo;Afrique de l&rsquo;Ouest, [&hellip;]<\/p>\n","protected":false},"author":1,"featured_media":0,"parent":0,"menu_order":0,"comment_status":"closed","ping_status":"closed","template":"","meta":{"_acf_changed":false,"_monsterinsights_skip_tracking":false,"_monsterinsights_sitenote_active":false,"_monsterinsights_sitenote_note":"","_monsterinsights_sitenote_category":0,"footnotes":""},"class_list":["post-32","page","type-page","status-publish","hentry"],"acf":[],"aioseo_notices":[],"_links":{"self":[{"href":"http:\/\/associationserignefalloufall.com\/wp-json\/wp\/v2\/pages\/32","targetHints":{"allow":["GET"]}}],"collection":[{"href":"http:\/\/associationserignefalloufall.com\/wp-json\/wp\/v2\/pages"}],"about":[{"href":"http:\/\/associationserignefalloufall.com\/wp-json\/wp\/v2\/types\/page"}],"author":[{"embeddable":true,"href":"http:\/\/associationserignefalloufall.com\/wp-json\/wp\/v2\/users\/1"}],"replies":[{"embeddable":true,"href":"http:\/\/associationserignefalloufall.com\/wp-json\/wp\/v2\/comments?post=32"}],"version-history":[{"count":20,"href":"http:\/\/associationserignefalloufall.com\/wp-json\/wp\/v2\/pages\/32\/revisions"}],"predecessor-version":[{"id":991,"href":"http:\/\/associationserignefalloufall.com\/wp-json\/wp\/v2\/pages\/32\/revisions\/991"}],"wp:attachment":[{"href":"http:\/\/associationserignefalloufall.com\/wp-json\/wp\/v2\/media?parent=32"}],"curies":[{"name":"wp","href":"https:\/\/api.w.org\/{rel}","templated":true}]}}